{"id":14,"date":"2017-05-16T08:10:02","date_gmt":"2017-05-16T06:10:02","guid":{"rendered":"http:\/\/agromedi.zeus.umh.es\/?page_id=14"},"modified":"2018-02-05T14:01:38","modified_gmt":"2018-02-05T13:01:38","slug":"investigacion","status":"publish","type":"page","link":"https:\/\/agromedi.umh.es\/ca\/investigacion\/","title":{"rendered":"Investigaci\u00f3"},"content":{"rendered":"<p><strong>Grups d&#8217; Investigaci\u00f3<\/strong><\/p>\n<p><span style=\"color: #373737;text-indent: 0px;letter-spacing: normal;font-family: 'Helvetica Neue', Helvetica, Arial, sans-serif;font-size: 14px;font-style: normal;font-weight: 300;float: none;background-color: #ffffff\">Grups de Recerca reconeguts amb participaci\u00f3 de membres del Departament d&#8217;Agroqu\u00edmica i Medi ambient, font: Vicerectorat d&#8217;Investigaci\u00f3.<\/span><\/p>\n<ul>\n<li><a href=\"https:\/\/www.umh.es\/contenido\/Investigacion\/:uor_859_10\/datos_val.html\">Grup de Edafolog\u00eda Ambiental<\/a><\/li>\n<li><a href=\"https:\/\/www.umh.es\/contenido\/Investigacion\/:uor_858_9\/datos_val.html\">Grup d&#8217;Investigaci\u00f3 Aplicada en Agroqu\u00edmica i Medi Ambient<\/a><\/li>\n<li><a href=\"https:\/\/www.umh.es\/contenido\/Investigacion\/:uor_1084_104\/datos_val.html\">Reconeixement Molecular i Enginyeria i Biof\u00edsica de Prote\u00efnes<\/a><\/li>\n<li><a href=\"https:\/\/www.umh.es\/contenido\/Investigacion\/:uor_1076_94\/datos_val.html\">Relacions Estructura-funci\u00f3 en Prote\u00efnes de Membrana<\/a><\/li>\n<\/ul>\n<p><strong>Projectes d&#8217;Investigaci\u00f3\u00a0(administracions)<\/strong><\/p>\n<p>Informes p\u00fablics<\/p>\n<ul>\n<li><a href=\"http:\/\/www.agroambient.gva.es\/documents\/163005665\/163936826\/UHM-Memoria+final+AGUAS+GV_2017_final_UMH\/36f9d05b-89b2-4b34-be71-cf1e4cdd5795\">Proyecto\u00a0de\u00a0Investigaci\u00f3n\u00a0Aplicada\u00a0a\u00a0Recursos\u00a0H\u00eddricos\u00a0de\u00a0la\u00a0Comunidad\u00a0Valenciana\u00a0<\/a><\/li>\n<\/ul>\n<p><\/p>","protected":false},"excerpt":{"rendered":"<p>Grups d&#8217; Investigaci\u00f3<br \/>\nGrups de Recerca reconeguts amb participaci\u00f3 de membres del Departament d&#8217;Agroqu\u00edmica i Medi ambient, font: Vicerectorat d&#8217;Investigaci\u00f3.<\/p>\n<p>Grup de Edafolog\u00eda Ambiental<br \/>\nGrup d&#8217;Investigaci\u00f3 Aplicada en Agroqu\u00edmica i Medi Ambient<br \/>\nReconeixement Molecular i Enginyeria i Biof\u00edsica de Prote\u00efnes<br \/>\nRelacions Estructura-funci\u00f3 en Prote\u00efnes de Membrana<\/p>\n<p>Projectes d&#8217;Investigaci\u00f3\u00a0(administracions)<br \/>\nInformes p\u00fablics<\/p>\n<p>Proyecto\u00a0de\u00a0Investigaci\u00f3n\u00a0Aplicada\u00a0a\u00a0Recursos\u00a0H\u00eddricos\u00a0de\u00a0la\u00a0Comunidad\u00a0Valenciana\u00a0<\/p>\n","protected":false},"author":1130,"featured_media":0,"parent":0,"menu_order":4,"comment_status":"closed","ping_status":"closed","template":"","meta":{"_links_to":"","_links_to_target":""},"_links":{"self":[{"href":"https:\/\/agromedi.umh.es\/ca\/wp-json\/wp\/v2\/pages\/14"}],"collection":[{"href":"https:\/\/agromedi.umh.es\/ca\/wp-json\/wp\/v2\/pages"}],"about":[{"href":"https:\/\/agromedi.umh.es\/ca\/wp-json\/wp\/v2\/types\/page"}],"author":[{"embeddable":true,"href":"https:\/\/agromedi.umh.es\/ca\/wp-json\/wp\/v2\/users\/1130"}],"replies":[{"embeddable":true,"href":"https:\/\/agromedi.umh.es\/ca\/wp-json\/wp\/v2\/comments?post=14"}],"version-history":[{"count":0,"href":"https:\/\/agromedi.umh.es\/ca\/wp-json\/wp\/v2\/pages\/14\/revisions"}],"wp:attachment":[{"href":"https:\/\/agromedi.umh.es\/ca\/wp-json\/wp\/v2\/media?parent=14"}],"curies":[{"name":"wp","href":"https:\/\/api.w.org\/{rel}","templated":true}]}}