{"id":4,"date":"2012-04-05T09:47:08","date_gmt":"2012-04-05T09:47:08","guid":{"rendered":"http:\/\/agromedi.zeus.umh.es\/presentacion\/"},"modified":"2020-06-16T13:50:16","modified_gmt":"2020-06-16T11:50:16","slug":"presentacion","status":"publish","type":"page","link":"https:\/\/agromedi.umh.es\/ca\/presentacion\/","title":{"rendered":"Presentaci\u00f3"},"content":{"rendered":"<p><a href=\"https:\/\/www.umh.es\/contenido\/Universidad\/:uor_32\/datos_es.html\"><img loading=\"lazy\" class=\"alignleft size-thumbnail wp-image-68\" src=\"https:\/\/agromedi.umh.es\/files\/2018\/01\/EDIF.ALCUDIA5-150x150.jpg\" alt=\"\" width=\"150\" height=\"150\" \/><\/a><span style=\"color: #373737; text-indent: 0px; letter-spacing: normal; font-family: 'Helvetica Neue', Helvetica, Arial, sans-serif; font-size: 14px; font-style: normal; font-weight: 300; float: none; background-color: #ffffff;\">El Departament de *Agroqu\u00edmica i Medi ambient est\u00e0 present en els Campus d&#8217;Elx (on actualment es troba l&#8217;Adre\u00e7a i la Secretaria del Departament; Edifici *Alcudia), Oriola (Desemparats) i Sant Joan d&#8217;Alacant. La ubicaci\u00f3 del professorat en els diferents Campus es pot trobar en el <\/span><a href=\"https:\/\/www.umh.es\/contenido\/Universidad\/:uor_32\/datos_val.html\"><span style=\"color: #373737; text-indent: 0px; letter-spacing: normal; font-family: 'Helvetica Neue', Helvetica, Arial, sans-serif; font-size: 14px; font-style: normal; font-weight: 300; float: none; background-color: #ffffff;\">Directori<\/span><\/a><span style=\"color: #373737; text-indent: 0px; letter-spacing: normal; font-family: 'Helvetica Neue', Helvetica, Arial, sans-serif; font-size: 14px; font-style: normal; font-weight: 300; float: none; background-color: #ffffff;\">. El Departament ho componen 6 \u00e0rees de coneixement: Edafologia i Qu\u00edmica Agr\u00edcola, *Geodin\u00e1mica Externa, Enginyeria Qu\u00edmica, Parasitologia, Qu\u00edmica F\u00edsica i Zoologia. Actualment, la seua activitat docent es desenvolupa en diferents estudis de grau, m\u00e0ster, doctorat i estudis propis, que s&#8217;imparteixen en la Facultat de Ci\u00e8ncies Experimentals, Facultat de Ci\u00e8ncies Socials i Jur\u00eddiques d&#8217;Elx, Facultat de Farm\u00e0cia, Facultat de Medicina, Escola Polit\u00e8cnica Superior d&#8217;Elx i Escola Polit\u00e8cnica Superior d&#8217;Oriola<\/span><a href=\"https:\/\/www.umh.es\/contenido\/Universidad\/:uor_32\/datos_es.html\"><span style=\"color: #373737; text-indent: 0px; letter-spacing: normal; font-family: 'Helvetica Neue', Helvetica, Arial, sans-serif; font-size: 14px; font-style: normal; font-weight: 300; float: none; background-color: #ffffff;\">.<\/span><\/a><br style=\"margin: 0px; padding: 0px; color: #373737; text-indent: 0px; letter-spacing: normal; font-family: 'Helvetica Neue', Helvetica, Arial, sans-serif; font-size: 14px; font-style: normal; font-weight: 300; background-color: #ffffff;\" \/><br style=\"margin: 0px; padding: 0px; color: #373737; text-indent: 0px; letter-spacing: normal; font-family: 'Helvetica Neue', Helvetica, Arial, sans-serif; font-size: 14px; font-style: normal; font-weight: 300; background-color: #ffffff;\" \/><span style=\"color: #373737; text-indent: 0px; letter-spacing: normal; font-family: 'Helvetica Neue', Helvetica, Arial, sans-serif; font-size: 14px; font-style: normal; font-weight: 300; float: none; background-color: #ffffff;\">El professorat est\u00e0 integrat en diferents Grups de Recerca que estan adscrits tant al Departament com als Instituts de *Bioingenier\u00eda, i Biologia Molecular i Cel\u00b7lular, participant en diferents projectes de recerca, a nivell europeu, nacional i auton\u00f2mic. Les activitats de recerca abasten un ampli espectre, tant en recerca b\u00e0sica com a aplicada, relacionada amb les \u00e0rees de coneixement que conformen el Departament. Els diferents grups de recerca ofereixen una s\u00e8rie de serveis, a trav\u00e9s de la seua oferta tecnol\u00f2gica, que es plasma en la participaci\u00f3 en diversos contractes per a activitats de suport tecnol\u00f2gic i en contractes d&#8217;assessorament i assist\u00e8ncia t\u00e8cnica amb organismes tant p\u00fablics com a privats.<\/span><\/p>\n<p>*Aquest text ha sigut tradu\u00eft utilitzant un motor de traducci\u00f3 autom\u00e1tica.<\/p>","protected":false},"excerpt":{"rendered":"<p>El Departament de *Agroqu\u00edmica i Medi ambient est\u00e0 present en els Campus d&#8217;Elx (on actualment es troba l&#8217;Adre\u00e7a i la Secretaria del Departament; Edifici *Alcudia), Oriola (Desemparats) i Sant Joan d&#8217;Alacant. La ubicaci\u00f3 del professorat en els diferents Campus es pot trobar en el Directori. El Departament ho componen 6 \u00e0rees de coneixement: Edafologia i [&#8230;]<\/p>\n","protected":false},"author":1,"featured_media":0,"parent":0,"menu_order":0,"comment_status":"closed","ping_status":"open","template":"","meta":{"_links_to":"","_links_to_target":""},"_links":{"self":[{"href":"https:\/\/agromedi.umh.es\/ca\/wp-json\/wp\/v2\/pages\/4"}],"collection":[{"href":"https:\/\/agromedi.umh.es\/ca\/wp-json\/wp\/v2\/pages"}],"about":[{"href":"https:\/\/agromedi.umh.es\/ca\/wp-json\/wp\/v2\/types\/page"}],"author":[{"embeddable":true,"href":"https:\/\/agromedi.umh.es\/ca\/wp-json\/wp\/v2\/users\/1"}],"replies":[{"embeddable":true,"href":"https:\/\/agromedi.umh.es\/ca\/wp-json\/wp\/v2\/comments?post=4"}],"version-history":[{"count":0,"href":"https:\/\/agromedi.umh.es\/ca\/wp-json\/wp\/v2\/pages\/4\/revisions"}],"wp:attachment":[{"href":"https:\/\/agromedi.umh.es\/ca\/wp-json\/wp\/v2\/media?parent=4"}],"curies":[{"name":"wp","href":"https:\/\/api.w.org\/{rel}","templated":true}]}}